{"id":3898,"date":"2025-06-15T17:06:06","date_gmt":"2025-06-15T16:06:06","guid":{"rendered":"https:\/\/alarm-kit.com\/?post_type=product&#038;p=3898"},"modified":"2026-03-15T11:22:37","modified_gmt":"2026-03-15T11:22:37","slug":"remote-control-alarm-system","status":"publish","type":"product","link":"https:\/\/alarm-kit.com\/en\/store\/security-devices\/access-control\/remote-control-alarm-system\/","title":{"rendered":"Total Control of Your Security with the Remote Control for Connected Alarm Hub System"},"content":{"rendered":"<h3><strong data-start=\"0\" data-end=\"85\">Total Control of Your Security with the Remote Control for Connected Alarm System<\/strong><br data-start=\"85\" data-end=\"88\" \/><strong data-start=\"88\" data-end=\"113\">Customized Protection<br \/>\n<\/strong><\/h3>\n<p>The alarm remote control offers tailored security for your home or apartment. Enjoy peace of mind by customizing the settings to meet your specific needs. With its advanced technology, this device allows you to manage every aspect of your alarm system for maximum protection.<\/p>\n<p><img loading=\"lazy\" decoding=\"async\" class=\"alignnone wp-image-2890\" src=\"https:\/\/alarm-kit.com\/wp-content\/uploads\/2020\/02\/telecommande-alarme-5.jpeg\" alt=\"T\u00e9l\u00e9commande alarme connect\u00e9e\" width=\"800\" height=\"800\" srcset=\"https:\/\/alarm-kit.com\/wp-content\/uploads\/2020\/02\/telecommande-alarme-5.jpeg 1000w, https:\/\/alarm-kit.com\/wp-content\/uploads\/2020\/02\/telecommande-alarme-5-300x300.jpeg 300w, https:\/\/alarm-kit.com\/wp-content\/uploads\/2020\/02\/telecommande-alarme-5-150x150.jpeg 150w, https:\/\/alarm-kit.com\/wp-content\/uploads\/2020\/02\/telecommande-alarme-5-768x768.jpeg 768w, https:\/\/alarm-kit.com\/wp-content\/uploads\/2020\/02\/telecommande-alarme-5-12x12.jpeg 12w, https:\/\/alarm-kit.com\/wp-content\/uploads\/2020\/02\/telecommande-alarme-5-600x600.jpeg 600w, https:\/\/alarm-kit.com\/wp-content\/uploads\/2020\/02\/telecommande-alarme-5-100x100.jpeg 100w\" sizes=\"auto, (max-width: 800px) 100vw, 800px\" \/><\/p>\n<h3><strong data-start=\"393\" data-end=\"408\">Ease of Use<\/strong><\/h3>\n<p>Simplicity meets efficiency with the connected alarm remote control. Its intuitive design lets you operate your alarm system effortlessly. With user-friendly features, you can arm or disarm your system with a single click\u2014no matter where you are. Make your home security experience smooth and hassle-free.<\/p>\n<p><img loading=\"lazy\" decoding=\"async\" class=\"alignnone wp-image-2891\" src=\"https:\/\/alarm-kit.com\/wp-content\/uploads\/2020\/02\/telecommande-alarme-3.jpeg\" alt=\"T\u00e9l\u00e9commande alarme connect\u00e9e\" width=\"800\" height=\"800\" srcset=\"https:\/\/alarm-kit.com\/wp-content\/uploads\/2020\/02\/telecommande-alarme-3.jpeg 1000w, https:\/\/alarm-kit.com\/wp-content\/uploads\/2020\/02\/telecommande-alarme-3-300x300.jpeg 300w, https:\/\/alarm-kit.com\/wp-content\/uploads\/2020\/02\/telecommande-alarme-3-150x150.jpeg 150w, https:\/\/alarm-kit.com\/wp-content\/uploads\/2020\/02\/telecommande-alarme-3-768x768.jpeg 768w, https:\/\/alarm-kit.com\/wp-content\/uploads\/2020\/02\/telecommande-alarme-3-12x12.jpeg 12w, https:\/\/alarm-kit.com\/wp-content\/uploads\/2020\/02\/telecommande-alarme-3-600x600.jpeg 600w, https:\/\/alarm-kit.com\/wp-content\/uploads\/2020\/02\/telecommande-alarme-3-100x100.jpeg 100w\" sizes=\"auto, (max-width: 800px) 100vw, 800px\" \/><\/p>\n<h4>Connected Security<\/h4>\n<p>Stay connected to your home wherever you are with the alarm remote control. Compatible with mobile devices, it allows you to monitor and manage your alarm system remotely. Receive real-time notifications on your smartphone for complete peace of mind\u2014even when you&#8217;re away.<\/p>","protected":false},"excerpt":{"rendered":"<h3><strong data-start=\"0\" data-end=\"85\">Total Control of Your Security with the Remote Control for Connected Alarm System<\/strong><br data-start=\"85\" data-end=\"88\" \/><strong data-start=\"88\" data-end=\"113\">Customized Protection<br \/>\n<\/strong><\/h3>\n<p>The alarm remote control offers tailored security for your home or apartment. Enjoy peace of mind by customizing the settings to meet your specific needs. With its advanced technology, this device allows you to manage every aspect of your alarm system for maximum protection.<\/p>","protected":false},"featured_media":2889,"comment_status":"open","ping_status":"closed","template":"","meta":{"om_disable_all_campaigns":false,"_uag_custom_page_level_css":"","_monsterinsights_skip_tracking":false,"_monsterinsights_sitenote_active":false,"_monsterinsights_sitenote_note":"","_monsterinsights_sitenote_category":0,"site-sidebar-layout":"default","site-content-layout":"default","ast-site-content-layout":"default","site-content-style":"default","site-sidebar-style":"default","ast-global-header-display":"","ast-banner-title-visibility":"","ast-main-header-display":"","ast-hfb-above-header-display":"","ast-hfb-below-header-display":"","ast-hfb-mobile-header-display":"","site-post-title":"","ast-breadcrumbs-content":"","ast-featured-img":"","footer-sml-layout":"","theme-transparent-header-meta":"default","adv-header-id-meta":"","stick-header-meta":"default","header-above-stick-meta":"","header-main-stick-meta":"","header-below-stick-meta":"","astra-migrate-meta-layouts":"set","ast-page-background-enabled":"default","ast-page-background-meta":{"desktop":{"background-color":"","background-image":"","background-repeat":"repeat","background-position":"center center","background-size":"auto","background-attachment":"scroll","background-type":"","background-media":"","overlay-type":"","overlay-color":"","overlay-opacity":"","overlay-gradient":""},"tablet":{"background-color":"","background-image":"","background-repeat":"repeat","background-position":"center center","background-size":"auto","background-attachment":"scroll","background-type":"","background-media":"","overlay-type":"","overlay-color":"","overlay-opacity":"","overlay-gradient":""},"mobile":{"background-color":"","background-image":"","background-repeat":"repeat","background-position":"center center","background-size":"auto","background-attachment":"scroll","background-type":"","background-media":"","overlay-type":"","overlay-color":"","overlay-opacity":"","overlay-gradient":""}},"ast-content-background-meta":{"desktop":{"background-color":"var(--ast-global-color-5)","background-image":"","background-repeat":"repeat","background-position":"center center","background-size":"auto","background-attachment":"scroll","background-type":"","background-media":"","overlay-type":"","overlay-color":"","overlay-opacity":"","overlay-gradient":""},"tablet":{"background-color":"var(--ast-global-color-5)","background-image":"","background-repeat":"repeat","background-position":"center center","background-size":"auto","background-attachment":"scroll","background-type":"","background-media":"","overlay-type":"","overlay-color":"","overlay-opacity":"","overlay-gradient":""},"mobile":{"background-color":"var(--ast-global-color-5)","background-image":"","background-repeat":"repeat","background-position":"center center","background-size":"auto","background-attachment":"scroll","background-type":"","background-media":"","overlay-type":"","overlay-color":"","overlay-opacity":"","overlay-gradient":""}}},"product_brand":[],"product_cat":[107],"product_tag":[],"class_list":{"0":"post-3898","1":"product","2":"type-product","3":"status-publish","4":"has-post-thumbnail","6":"product_cat-access-control","7":"desktop-align-left","8":"tablet-align-left","9":"mobile-align-left","10":"ast-product-gallery-layout-vertical-slider","11":"ast-product-tabs-layout-horizontal","12":"ast-qv-on-image","13":"tm-no-options","15":"first","16":"instock","17":"featured","18":"taxable","19":"shipping-taxable","20":"purchasable","21":"product-type-simple"},"bundled_by":["3908"],"bundle_stock_status":"instock","bundle_stock_quantity":null,"bundle_virtual":false,"bundle_layout":"","bundle_add_to_cart_form_location":"","bundle_editable_in_cart":false,"bundle_sold_individually_context":"","bundle_item_grouping":"","bundle_min_size":"","bundle_max_size":"","bundle_price":[],"bundled_items":[],"bundle_sell_ids":[],"aioseo_notices":[],"uagb_featured_image_src":{"full":["https:\/\/alarm-kit.com\/wp-content\/uploads\/2020\/02\/telecommande-alarme.png",911,761,false],"thumbnail":["https:\/\/alarm-kit.com\/wp-content\/uploads\/2020\/02\/telecommande-alarme-150x150.png",150,150,true],"medium":["https:\/\/alarm-kit.com\/wp-content\/uploads\/2020\/02\/telecommande-alarme-300x251.png",300,251,true],"medium_large":["https:\/\/alarm-kit.com\/wp-content\/uploads\/2020\/02\/telecommande-alarme-768x642.png",768,642,true],"large":["https:\/\/alarm-kit.com\/wp-content\/uploads\/2020\/02\/telecommande-alarme.png",911,761,false],"1536x1536":["https:\/\/alarm-kit.com\/wp-content\/uploads\/2020\/02\/telecommande-alarme.png",911,761,false],"2048x2048":["https:\/\/alarm-kit.com\/wp-content\/uploads\/2020\/02\/telecommande-alarme.png",911,761,false],"trp-custom-language-flag":["https:\/\/alarm-kit.com\/wp-content\/uploads\/2020\/02\/telecommande-alarme-14x12.png",14,12,true],"woocommerce_thumbnail":["https:\/\/alarm-kit.com\/wp-content\/uploads\/2020\/02\/telecommande-alarme-300x300.png",300,300,true],"woocommerce_single":["https:\/\/alarm-kit.com\/wp-content\/uploads\/2020\/02\/telecommande-alarme-600x501.png",600,501,true],"woocommerce_gallery_thumbnail":["https:\/\/alarm-kit.com\/wp-content\/uploads\/2020\/02\/telecommande-alarme-100x100.png",100,100,true]},"uagb_author_info":{"display_name":"alarm-kit.com","author_link":"https:\/\/alarm-kit.com\/en\/author\/"},"uagb_comment_info":3,"uagb_excerpt":"Total Control of Your Security with the Remote Control for Connected Alarm SystemCustomized Protection The alarm remote control offers tailored security for your home or apartment. Enjoy peace of mind by customizing the settings to meet your specific needs. With its advanced technology, this device allows you to manage every aspect of your alarm system&hellip;","jetpack_sharing_enabled":true,"_links":{"self":[{"href":"https:\/\/alarm-kit.com\/en\/wp-json\/wp\/v2\/product\/3898","targetHints":{"allow":["GET"]}}],"collection":[{"href":"https:\/\/alarm-kit.com\/en\/wp-json\/wp\/v2\/product"}],"about":[{"href":"https:\/\/alarm-kit.com\/en\/wp-json\/wp\/v2\/types\/product"}],"replies":[{"embeddable":true,"href":"https:\/\/alarm-kit.com\/en\/wp-json\/wp\/v2\/comments?post=3898"}],"wp:featuredmedia":[{"embeddable":true,"href":"https:\/\/alarm-kit.com\/en\/wp-json\/wp\/v2\/media\/2889"}],"wp:attachment":[{"href":"https:\/\/alarm-kit.com\/en\/wp-json\/wp\/v2\/media?parent=3898"}],"wp:term":[{"taxonomy":"product_brand","embeddable":true,"href":"https:\/\/alarm-kit.com\/en\/wp-json\/wp\/v2\/product_brand?post=3898"},{"taxonomy":"product_cat","embeddable":true,"href":"https:\/\/alarm-kit.com\/en\/wp-json\/wp\/v2\/product_cat?post=3898"},{"taxonomy":"product_tag","embeddable":true,"href":"https:\/\/alarm-kit.com\/en\/wp-json\/wp\/v2\/product_tag?post=3898"}],"curies":[{"name":"wp","href":"https:\/\/api.w.org\/{rel}","templated":true}]}}