{"id":6,"date":"2024-03-26T18:30:17","date_gmt":"2024-03-26T17:30:17","guid":{"rendered":"http:\/\/alarm-kit.com\/?page_id=6"},"modified":"2025-06-10T12:05:20","modified_gmt":"2025-06-10T11:05:20","slug":"cart","status":"publish","type":"page","link":"https:\/\/alarm-kit.com\/es\/cart\/","title":{"rendered":"Carrito de compra"},"content":{"rendered":"<div data-block-name=\"woocommerce\/cart\" class=\"wp-block-woocommerce-cart is-loading\">\n<div data-block-name=\"woocommerce\/filled-cart-block\" class=\"wp-block-woocommerce-filled-cart-block\">\n<div data-block-name=\"woocommerce\/cart-items-block\" class=\"wp-block-woocommerce-cart-items-block\">\n<div data-block-name=\"woocommerce\/cart-line-items-block\" class=\"wp-block-woocommerce-cart-line-items-block\"><\/div>\n\n\n\n<div data-block-name=\"woocommerce\/cart-cross-sells-block\" class=\"wp-block-woocommerce-cart-cross-sells-block\">\n<h5 class=\"wp-block-heading has-medium-font-size\">Vous pourriez \u00eatre int\u00e9ress\u00e9 par\u2026<\/h5>\n\n\n\n<div data-block-name=\"woocommerce\/cart-cross-sells-products-block\" class=\"wp-block-woocommerce-cart-cross-sells-products-block\"><\/div>\n<\/div>\n<\/div>\n\n\n\n<div data-block-name=\"woocommerce\/cart-totals-block\" class=\"wp-block-woocommerce-cart-totals-block\">\n<div data-block-name=\"woocommerce\/cart-order-summary-block\" class=\"wp-block-woocommerce-cart-order-summary-block\">\n<div data-block-name=\"woocommerce\/cart-order-summary-heading-block\" data-content=\"Total panier\" class=\"wp-block-woocommerce-cart-order-summary-heading-block\"><\/div>\n\n\n\n<div data-block-name=\"woocommerce\/cart-order-summary-coupon-form-block\" class=\"wp-block-woocommerce-cart-order-summary-coupon-form-block\"><\/div>\n\n\n\n<div data-block-name=\"woocommerce\/cart-order-summary-totals-block\" class=\"wp-block-woocommerce-cart-order-summary-totals-block\">\n<div data-block-name=\"woocommerce\/cart-order-summary-subtotal-block\" class=\"wp-block-woocommerce-cart-order-summary-subtotal-block\"><\/div>\n\n\n\n<div data-block-name=\"woocommerce\/cart-order-summary-fee-block\" class=\"wp-block-woocommerce-cart-order-summary-fee-block\"><\/div>\n\n\n\n<div data-block-name=\"woocommerce\/cart-order-summary-discount-block\" class=\"wp-block-woocommerce-cart-order-summary-discount-block\"><\/div>\n\n\n\n<div data-block-name=\"woocommerce\/cart-order-summary-shipping-block\" class=\"wp-block-woocommerce-cart-order-summary-shipping-block\"><\/div>\n\n\n\n<div data-block-name=\"woocommerce\/cart-order-summary-taxes-block\" class=\"wp-block-woocommerce-cart-order-summary-taxes-block\"><\/div>\n<\/div>\n<\/div>\n\n\n\n<div data-block-name=\"woocommerce\/cart-express-payment-block\" class=\"wp-block-woocommerce-cart-express-payment-block\"><\/div>\n\n\n\n<div data-block-name=\"woocommerce\/proceed-to-checkout-block\" class=\"wp-block-woocommerce-proceed-to-checkout-block\"><\/div>\n\n\n\n<div data-block-name=\"woocommerce\/cart-accepted-payment-methods-block\" class=\"wp-block-woocommerce-cart-accepted-payment-methods-block\"><\/div>\n<\/div>\n<\/div>\n\n\n\n<div data-block-name=\"woocommerce\/empty-cart-block\" class=\"wp-block-woocommerce-empty-cart-block\">\n<h2 class=\"wp-block-heading has-text-align-center with-empty-cart-icon wc-block-cart__empty-cart__title\">Your cart is currently empty!<\/h2>\n\n\n\n<hr class=\"wp-block-separator has-alpha-channel-opacity is-style-dots\"\/>\n\n\n\n<h2 class=\"wp-block-heading has-text-align-center\">New in store<\/h2>\n\n\n<div data-block-name=\"woocommerce\/product-new\" data-columns=\"4\" data-rows=\"1\" class=\"wc-block-grid wp-block-product-new wp-block-woocommerce-product-new wc-block-product-new has-4-columns\"><ul class=\"wc-block-grid__products\"><li class=\"wc-block-grid__product\">\n\t\t\t\t<a href=\"https:\/\/alarm-kit.com\/es\/store\/security-devices\/no-subscription-alarm-sim\/no-subscription-alarm-sim-4g-promo\/\" class=\"wc-block-grid__product-link\">\n\t\t\t\t\t<div class=\"wc-block-grid__product-onsale\">\n\t\t\t<span aria-hidden=\"true\" data-no-translation=\"\" data-trp-gettext=\"\">Oferta<\/span>\n\t\t\t<span class=\"screen-reader-text\" data-no-translation=\"\" data-trp-gettext=\"\">Producto en oferta<\/span>\n\t\t<\/div>\n\t\t\t\t\t<div class=\"wc-block-grid__product-image\"><img loading=\"lazy\" decoding=\"async\" width=\"300\" height=\"300\" src=\"https:\/\/alarm-kit.com\/wp-content\/uploads\/2024\/05\/carte-SIM-m2m-pour-ALARME-connectee-300x300.png\" class=\"attachment-woocommerce_thumbnail size-woocommerce_thumbnail\" alt=\"Explore our selection of M2M SIM cards designed specifically for alarm systems. Enjoy secure, long-term connectivity without subscriptions\u2014ideal for 4G alarm panels and smart security devices.\" srcset=\"https:\/\/alarm-kit.com\/wp-content\/uploads\/2024\/05\/carte-SIM-m2m-pour-ALARME-connectee-300x300.png 300w, https:\/\/alarm-kit.com\/wp-content\/uploads\/2024\/05\/carte-SIM-m2m-pour-ALARME-connectee-150x150.png 150w, https:\/\/alarm-kit.com\/wp-content\/uploads\/2024\/05\/carte-SIM-m2m-pour-ALARME-connectee-100x100.png 100w\" sizes=\"auto, (max-width: 300px) 100vw, 300px\" \/><\/div>\n\t\t\t\t\t<div class=\"wc-block-grid__product-title\">No-Subscription Alarm SIM 4G | Coverage until December 2034 | Limited Quantity<\/div>\n\t\t\t\t<\/a>\n\t\t\t\t<div class=\"wc-block-grid__product-price price\"><del aria-hidden=\"true\"><span class=\"woocommerce-Price-amount amount\"><span class=\"woocommerce-Price-currencySymbol\">US$<\/span>&nbsp;139,99<\/span><\/del> <span class=\"screen-reader-text\" data-no-translation=\"\" data-trp-gettext=\"\">El precio original era: US$&nbsp;139,99.<\/span><ins aria-hidden=\"true\"><span class=\"woocommerce-Price-amount amount\"><span class=\"woocommerce-Price-currencySymbol\">US$<\/span>&nbsp;69,99<\/span><\/ins><span class=\"screen-reader-text\" data-no-translation=\"\" data-trp-gettext=\"\">El precio actual es: US$&nbsp;69,99.<\/span> <small><\/small><\/div>\n\t\t\t\t\n\t\t\t\t<div class=\"wp-block-button wc-block-grid__product-add-to-cart\"><a href=\"\/es\/wp-json\/wp\/v2\/pages\/6?add-to-cart=4159\" aria-label=\"A\u00f1adir al carrito: \u201cNo-Subscription Alarm SIM 4G | Coverage until December 2034 | Limited Quantity\u201d\" data-quantity=\"1\" data-product_id=\"4159\" data-product_sku=\"\" data-price=\"69.99\" rel=\"nofollow\" class=\"wp-block-button__link  add_to_cart_button ajax_add_to_cart\" data-no-translation=\"\" data-trp-gettext=\"\" data-no-translation-aria-label=\"\">A\u00f1adir al carrito<\/a><\/div>\n\t\t\t<\/li><li class=\"wc-block-grid__product\">\n\t\t\t\t<a href=\"https:\/\/alarm-kit.com\/es\/store\/security-devices\/no-subscription-alarm-sim\/reload-alarm-sim\/\" class=\"wc-block-grid__product-link\">\n\t\t\t\t\t<div class=\"wc-block-grid__product-onsale\">\n\t\t\t<span aria-hidden=\"true\" data-no-translation=\"\" data-trp-gettext=\"\">Oferta<\/span>\n\t\t\t<span class=\"screen-reader-text\" data-no-translation=\"\" data-trp-gettext=\"\">Producto en oferta<\/span>\n\t\t<\/div>\n\t\t\t\t\t<div class=\"wc-block-grid__product-image\"><img loading=\"lazy\" decoding=\"async\" width=\"300\" height=\"300\" src=\"https:\/\/alarm-kit.com\/wp-content\/uploads\/2024\/05\/carte-SIM-m2m-pour-ALARME-connectee-300x300.png\" class=\"attachment-woocommerce_thumbnail size-woocommerce_thumbnail\" alt=\"Explore our selection of M2M SIM cards designed specifically for alarm systems. Enjoy secure, long-term connectivity without subscriptions\u2014ideal for 4G alarm panels and smart security devices.\" srcset=\"https:\/\/alarm-kit.com\/wp-content\/uploads\/2024\/05\/carte-SIM-m2m-pour-ALARME-connectee-300x300.png 300w, https:\/\/alarm-kit.com\/wp-content\/uploads\/2024\/05\/carte-SIM-m2m-pour-ALARME-connectee-150x150.png 150w, https:\/\/alarm-kit.com\/wp-content\/uploads\/2024\/05\/carte-SIM-m2m-pour-ALARME-connectee-100x100.png 100w\" sizes=\"auto, (max-width: 300px) 100vw, 300px\" \/><\/div>\n\t\t\t\t\t<div class=\"wc-block-grid__product-title\">Reload Alarm SIM | 250 SMS Mo + 500Mb<\/div>\n\t\t\t\t<\/a>\n\t\t\t\t<div class=\"wc-block-grid__product-price price\"><del aria-hidden=\"true\"><span class=\"woocommerce-Price-amount amount\"><span class=\"woocommerce-Price-currencySymbol\">US$<\/span>&nbsp;69,99<\/span><\/del> <span class=\"screen-reader-text\" data-no-translation=\"\" data-trp-gettext=\"\">El precio original era: US$&nbsp;69,99.<\/span><ins aria-hidden=\"true\"><span class=\"woocommerce-Price-amount amount\"><span class=\"woocommerce-Price-currencySymbol\">US$<\/span>&nbsp;49,99<\/span><\/ins><span class=\"screen-reader-text\" data-no-translation=\"\" data-trp-gettext=\"\">El precio actual es: US$&nbsp;49,99.<\/span> <small><\/small><\/div>\n\t\t\t\t\n\t\t\t\t<div class=\"wp-block-button wc-block-grid__product-add-to-cart\"><a href=\"\/es\/wp-json\/wp\/v2\/pages\/6?add-to-cart=4036\" aria-label=\"A\u00f1adir al carrito: \u201cReload Alarm SIM | 250 SMS Mo + 500Mb\u201d\" data-quantity=\"1\" data-product_id=\"4036\" data-product_sku=\"\" data-price=\"49.99\" rel=\"nofollow\" class=\"wp-block-button__link  add_to_cart_button ajax_add_to_cart\" data-no-translation=\"\" data-trp-gettext=\"\" data-no-translation-aria-label=\"\">A\u00f1adir al carrito<\/a><\/div>\n\t\t\t<\/li><li class=\"wc-block-grid__product\">\n\t\t\t\t<a href=\"https:\/\/alarm-kit.com\/es\/store\/security-devices\/access-control\/wireless-keypad-white\/\" class=\"wc-block-grid__product-link\">\n\t\t\t\t\t\n\t\t\t\t\t<div class=\"wc-block-grid__product-image\"><img loading=\"lazy\" decoding=\"async\" width=\"300\" height=\"300\" src=\"https:\/\/alarm-kit.com\/wp-content\/uploads\/2025\/07\/keypad-rfid-white-front-300x300.jpeg\" class=\"attachment-woocommerce_thumbnail size-woocommerce_thumbnail\" alt=\"wireless keypad\" srcset=\"https:\/\/alarm-kit.com\/wp-content\/uploads\/2025\/07\/keypad-rfid-white-front-300x300.jpeg 300w, https:\/\/alarm-kit.com\/wp-content\/uploads\/2025\/07\/keypad-rfid-white-front-150x150.jpeg 150w, https:\/\/alarm-kit.com\/wp-content\/uploads\/2025\/07\/keypad-rfid-white-front-768x768.jpeg 768w, https:\/\/alarm-kit.com\/wp-content\/uploads\/2025\/07\/keypad-rfid-white-front-12x12.jpeg 12w, https:\/\/alarm-kit.com\/wp-content\/uploads\/2025\/07\/keypad-rfid-white-front-600x600.jpeg 600w, https:\/\/alarm-kit.com\/wp-content\/uploads\/2025\/07\/keypad-rfid-white-front-100x100.jpeg 100w, https:\/\/alarm-kit.com\/wp-content\/uploads\/2025\/07\/keypad-rfid-white-front.jpeg 800w\" sizes=\"auto, (max-width: 300px) 100vw, 300px\" \/><\/div>\n\t\t\t\t\t<div class=\"wc-block-grid__product-title\">Wireless Touch Alarm Keypad and RFID Access | 100 meters | White Color<\/div>\n\t\t\t\t<\/a>\n\t\t\t\t<div class=\"wc-block-grid__product-price price\"><span class=\"woocommerce-Price-amount amount\"><span class=\"woocommerce-Price-currencySymbol\">US$<\/span>&nbsp;39,90<\/span> <small><\/small><\/div>\n\t\t\t\t<div class=\"wc-block-grid__product-rating\"><div class=\"review-rating\"><div class=\"star-rating\"><span style=\"width:100%\" data-no-translation=\"\" data-trp-gettext=\"\">Valorado con <strong class=\"rating\">5.00<\/strong> de 5 en base a <span class=\"rating\">2<\/span> valoraciones de clientes<\/span><\/div><\/div><\/div>\n\t\t\t\t<div class=\"wp-block-button wc-block-grid__product-add-to-cart\"><a href=\"\/es\/wp-json\/wp\/v2\/pages\/6?add-to-cart=4032\" aria-label=\"A\u00f1adir al carrito: \u201cWireless Touch Alarm Keypad and RFID Access | 100 meters | White Color\u201d\" data-quantity=\"1\" data-product_id=\"4032\" data-product_sku=\"\" data-price=\"39.9\" rel=\"nofollow\" class=\"wp-block-button__link  add_to_cart_button ajax_add_to_cart\" data-no-translation=\"\" data-trp-gettext=\"\" data-no-translation-aria-label=\"\">A\u00f1adir al carrito<\/a><\/div>\n\t\t\t<\/li><li class=\"wc-block-grid__product\">\n\t\t\t\t<a href=\"https:\/\/alarm-kit.com\/es\/store\/security-devices\/access-control\/wireless-keypad\/\" class=\"wc-block-grid__product-link\">\n\t\t\t\t\t\n\t\t\t\t\t<div class=\"wc-block-grid__product-image\"><img loading=\"lazy\" decoding=\"async\" width=\"300\" height=\"300\" src=\"https:\/\/alarm-kit.com\/wp-content\/uploads\/2025\/07\/keypad-badge-alarme-rfid-300x300.png\" class=\"attachment-woocommerce_thumbnail size-woocommerce_thumbnail\" alt=\"wireless keypad\" srcset=\"https:\/\/alarm-kit.com\/wp-content\/uploads\/2025\/07\/keypad-badge-alarme-rfid-300x300.png 300w, https:\/\/alarm-kit.com\/wp-content\/uploads\/2025\/07\/keypad-badge-alarme-rfid-150x150.png 150w, https:\/\/alarm-kit.com\/wp-content\/uploads\/2025\/07\/keypad-badge-alarme-rfid-768x768.png 768w, https:\/\/alarm-kit.com\/wp-content\/uploads\/2025\/07\/keypad-badge-alarme-rfid-12x12.png 12w, https:\/\/alarm-kit.com\/wp-content\/uploads\/2025\/07\/keypad-badge-alarme-rfid-600x600.png 600w, https:\/\/alarm-kit.com\/wp-content\/uploads\/2025\/07\/keypad-badge-alarme-rfid-100x100.png 100w, https:\/\/alarm-kit.com\/wp-content\/uploads\/2025\/07\/keypad-badge-alarme-rfid.png 1000w\" sizes=\"auto, (max-width: 300px) 100vw, 300px\" \/><\/div>\n\t\t\t\t\t<div class=\"wc-block-grid__product-title\">Wireless Touch Keypad for Security System 433MHz Hub | Up to 100 meters<\/div>\n\t\t\t\t<\/a>\n\t\t\t\t<div class=\"wc-block-grid__product-price price\"><span class=\"woocommerce-Price-amount amount\"><span class=\"woocommerce-Price-currencySymbol\">US$<\/span>&nbsp;69,99<\/span> <small><\/small><\/div>\n\t\t\t\t<div class=\"wc-block-grid__product-rating\"><div class=\"review-rating\"><div class=\"star-rating\"><span style=\"width:100%\" data-no-translation=\"\" data-trp-gettext=\"\">Valorado con <strong class=\"rating\">5.00<\/strong> de 5 en base a <span class=\"rating\">1<\/span> valoraci\u00f3n de un cliente<\/span><\/div><\/div><\/div>\n\t\t\t\t<div class=\"wp-block-button wc-block-grid__product-add-to-cart\"><a href=\"\/es\/wp-json\/wp\/v2\/pages\/6?add-to-cart=4030\" aria-label=\"A\u00f1adir al carrito: \u201cWireless Touch Keypad for Security System 433MHz Hub | Up to 100 meters\u201d\" data-quantity=\"1\" data-product_id=\"4030\" data-product_sku=\"\" data-price=\"69.99\" rel=\"nofollow\" class=\"wp-block-button__link  add_to_cart_button ajax_add_to_cart\" data-no-translation=\"\" data-trp-gettext=\"\" data-no-translation-aria-label=\"\">A\u00f1adir al carrito<\/a><\/div>\n\t\t\t<\/li><\/ul><\/div><\/div>\n<\/div>","protected":false},"excerpt":{"rendered":"","protected":false},"author":1,"featured_media":0,"parent":0,"menu_order":0,"comment_status":"closed","ping_status":"closed","template":"","meta":{"om_disable_all_campaigns":false,"_uag_custom_page_level_css":"","_monsterinsights_skip_tracking":false,"_monsterinsights_sitenote_active":false,"_monsterinsights_sitenote_note":"","_monsterinsights_sitenote_category":0,"site-sidebar-layout":"default","site-content-layout":"","ast-site-content-layout":"default","site-content-style":"default","site-sidebar-style":"default","ast-global-header-display":"","ast-banner-title-visibility":"","ast-main-header-display":"","ast-hfb-above-header-display":"","ast-hfb-below-header-display":"","ast-hfb-mobile-header-display":"","site-post-title":"","ast-breadcrumbs-content":"","ast-featured-img":"","footer-sml-layout":"","theme-transparent-header-meta":"","adv-header-id-meta":"","stick-header-meta":"","header-above-stick-meta":"","header-main-stick-meta":"","header-below-stick-meta":"","astra-migrate-meta-layouts":"set","ast-page-background-enabled":"default","ast-page-background-meta":{"desktop":{"background-color":"","background-image":"","background-repeat":"repeat","background-position":"center center","background-size":"auto","background-attachment":"scroll","background-type":"","background-media":"","overlay-type":"","overlay-color":"","overlay-gradient":""},"tablet":{"background-color":"","background-image":"","background-repeat":"repeat","background-position":"center center","background-size":"auto","background-attachment":"scroll","background-type":"","background-media":"","overlay-type":"","overlay-color":"","overlay-gradient":""},"mobile":{"background-color":"","background-image":"","background-repeat":"repeat","background-position":"center center","background-size":"auto","background-attachment":"scroll","background-type":"","background-media":"","overlay-type":"","overlay-color":"","overlay-gradient":""}},"ast-content-background-meta":{"desktop":{"background-color":"var(--ast-global-color-5)","background-image":"","background-repeat":"repeat","background-position":"center center","background-size":"auto","background-attachment":"scroll","background-type":"","background-media":"","overlay-type":"","overlay-color":"","overlay-gradient":""},"tablet":{"background-color":"var(--ast-global-color-5)","background-image":"","background-repeat":"repeat","background-position":"center center","background-size":"auto","background-attachment":"scroll","background-type":"","background-media":"","overlay-type":"","overlay-color":"","overlay-gradient":""},"mobile":{"background-color":"var(--ast-global-color-5)","background-image":"","background-repeat":"repeat","background-position":"center center","background-size":"auto","background-attachment":"scroll","background-type":"","background-media":"","overlay-type":"","overlay-color":"","overlay-gradient":""}},"footnotes":""},"class_list":["post-6","page","type-page","status-publish","hentry"],"aioseo_notices":[],"uagb_featured_image_src":{"full":false,"thumbnail":false,"medium":false,"medium_large":false,"large":false,"1536x1536":false,"2048x2048":false,"trp-custom-language-flag":false,"woocommerce_thumbnail":false,"woocommerce_single":false,"woocommerce_gallery_thumbnail":false},"uagb_author_info":{"display_name":"alarm-kit.com","author_link":"https:\/\/alarm-kit.com\/es\/author\/alarm-kit-com\/"},"uagb_comment_info":0,"uagb_excerpt":null,"jetpack_sharing_enabled":true,"_links":{"self":[{"href":"https:\/\/alarm-kit.com\/es\/wp-json\/wp\/v2\/pages\/6","targetHints":{"allow":["GET"]}}],"collection":[{"href":"https:\/\/alarm-kit.com\/es\/wp-json\/wp\/v2\/pages"}],"about":[{"href":"https:\/\/alarm-kit.com\/es\/wp-json\/wp\/v2\/types\/page"}],"author":[{"embeddable":true,"href":"https:\/\/alarm-kit.com\/es\/wp-json\/wp\/v2\/users\/1"}],"replies":[{"embeddable":true,"href":"https:\/\/alarm-kit.com\/es\/wp-json\/wp\/v2\/comments?post=6"}],"version-history":[{"count":4,"href":"https:\/\/alarm-kit.com\/es\/wp-json\/wp\/v2\/pages\/6\/revisions"}],"predecessor-version":[{"id":3818,"href":"https:\/\/alarm-kit.com\/es\/wp-json\/wp\/v2\/pages\/6\/revisions\/3818"}],"wp:attachment":[{"href":"https:\/\/alarm-kit.com\/es\/wp-json\/wp\/v2\/media?parent=6"}],"curies":[{"name":"wp","href":"https:\/\/api.w.org\/{rel}","templated":true}]}}