{"id":3368,"date":"2024-11-15T10:07:09","date_gmt":"2024-11-15T09:07:09","guid":{"rendered":"https:\/\/alarm-kit.com\/?page_id=3368"},"modified":"2025-02-05T13:02:56","modified_gmt":"2025-02-05T12:02:56","slug":"retour-garantie","status":"publish","type":"page","link":"https:\/\/alarm-kit.com\/fr\/retour-garantie\/","title":{"rendered":"Retour et Garantie"},"content":{"rendered":"<div class=\"wp-block-group alignfull is-layout-flow wp-block-group-is-layout-flow\">\n<div class=\"wp-block-uagb-container uagb-block-4ea82442 alignfull uagb-is-root-container\"><div class=\"uagb-container-inner-blocks-wrap\">\n<div class=\"wp-block-uagb-advanced-heading uagb-block-5cb667a4\"><h1 class=\"uagb-heading-text\">Consulter nos Conditions de Retour et de la Garantie L\u00e9gale<\/h1><\/div>\n<\/div><\/div>\n<\/div>\n\n\n\n<div class=\"wp-block-uagb-container uagb-block-cb631c61 alignfull uagb-is-root-container\"><div class=\"uagb-container-inner-blocks-wrap\">\n<div class=\"wp-block-uagb-advanced-heading uagb-block-31fc47e1\"><h5 class=\"uagb-heading-text\">Une question ?<\/h5><\/div>\n\n\n\n<div class=\"wp-block-uagb-advanced-heading uagb-block-18fb44cb\"><h2 class=\"uagb-heading-text\">Nous sommes l\u00e0 pour vous aider.\u200b<\/h2><div class=\"uagb-separator\"><\/div><\/div>\n\n\n\n<div class=\"wp-block-uagb-container uagb-block-8d478d84\">\n<div class=\"wp-block-uagb-container uagb-block-ad318174\">\n<div class=\"wp-block-uagb-advanced-heading uagb-block-803a4c96\"><h3 class=\"uagb-heading-text\">Service Clients<\/h3><p class=\"uagb-desc-text\">Veuillez envoyer votre demande via le formulaire ci-dessous<\/p><\/div>\n\n\n\n<div class=\"wp-block-uagb-advanced-heading uagb-block-28c44383\"><h5 class=\"uagb-heading-text\">Formulaire + Email<\/h5><\/div>\n<\/div>\n\n\n\n<div class=\"wp-block-uagb-container uagb-block-eedc770c\">\n<div class=\"wp-block-uagb-advanced-heading uagb-block-0152d9d2\"><h3 class=\"uagb-heading-text\">Besoin d&#8217;une Alarme Sur-mesure<\/h3><\/div>\n\n\n\n<div class=\"wp-block-uagb-advanced-heading uagb-block-7b600c7c\"><h5 class=\"uagb-heading-text\">&gt;&gt; <a href=\"https:\/\/alarm-kit.com\/store\/alarme\/alarme-sans-abonnement-sur-mesure\/\" target=\"_blank\" rel=\"noopener\" title=\"\">Cr\u00e9ez votre Alarme<\/a> &lt;&lt;<\/h5><\/div>\n<\/div>\n\n\n\n<div class=\"wp-block-uagb-container uagb-block-bbac4cb6\">\n<div class=\"wp-block-uagb-advanced-heading uagb-block-425262b5\"><h3 class=\"uagb-heading-text\"><a href=\"https:\/\/alarm-kit.com\/retour-garantie\/\" title=\"\">Retour et Garantie<\/a><\/h3><p class=\"uagb-desc-text\">Consulter nos conditions de retour et de garantie en bas de cette page <\/p><\/div>\n\n\n\n<p class=\"has-text-align-center\">Retour sous 30 Jours et  2 ans de Garantie l\u00e9gale<\/p>\n\n\n\n<div class=\"wp-block-uagb-advanced-heading uagb-block-40b56668\"><h5 class=\"uagb-heading-text\"><a href=\"https:\/\/alarm-kit.com\/retour-garantie\/\" title=\"\">Retour et Garantie<\/a><\/h5><\/div>\n<\/div>\n\n\n\n<div class=\"wp-block-uagb-container uagb-block-78f5ccad\">\n<div class=\"wp-block-uagb-advanced-heading uagb-block-1e9a5949\"><h3 class=\"uagb-heading-text\">Marketing<\/h3><p class=\"uagb-desc-text\">Une suggestion ?<\/p><\/div>\n\n\n\n<div class=\"wp-block-uagb-advanced-heading uagb-block-eb19c1f6\"><h5 class=\"uagb-heading-text\">hey @ alarm-kit.com<\/h5><\/div>\n<\/div>\n<\/div>\n<\/div><\/div>\n\n\n\n<div class=\"wp-block-uagb-container uagb-block-98b63401 alignfull uagb-is-root-container\"><div class=\"uagb-container-inner-blocks-wrap\">\n<div class=\"wp-block-uagb-container uagb-block-3217553a\">\n<div class=\"wp-block-uagb-advanced-heading uagb-block-81ae79a7\"><h6 class=\"uagb-heading-text\">Envoyez-nous votre message!<\/h6><\/div>\n\n\n\n<div class=\"wp-block-uagb-advanced-heading uagb-block-b3edd072\"><h2 class=\"uagb-heading-text\">\u00c0 votre \u00e9coute!<\/h2><p class=\"uagb-desc-text\">Envoyez nous vos commentaires et\/ou vos demandes via le formulaire suivant &gt;&gt;<br><br>Nous vous r\u00e9ponderons dans les meilleurs d\u00e9lais.<\/p><\/div>\n\n\n\n<p class=\"has-text-align-center\"><\/p>\n<\/div>\n\n\n\n<div class=\"wp-block-uagb-container uagb-block-51e1eb55\">\n<div class=\"wp-block-uagb-forms uagb-forms__outer-wrap uagb-block-f172f3f0 uagb-forms__default-btn\"><form class=\"uagb-forms-main-form\" method=\"post\" autocomplete=\"on\" name=\"uagb-form-f172f3f0\" action=\"\">\n<div class=\"wp-block-uagb-forms-name uagb-forms-name-wrap uagb-forms-field-set uagb-block-654bcfd2\"><div class=\"uagb-forms-name-label required uagb-forms-input-label\" id=\"654bcfd2\">First Name<\/div><input type=\"text\" placeholder=\"VOTRE NOM ET PR\u00c9NOM\" required class=\"uagb-forms-name-input uagb-forms-input\" name=\"654bcfd2\" autocomplete=\"given-name\"\/><\/div>\n\n\n\n<div class=\"wp-block-uagb-forms-name uagb-forms-name-wrap uagb-forms-field-set uagb-block-3ee2026d\"><div class=\"uagb-forms-name-label required uagb-forms-input-label\" id=\"3ee2026d\">Last Name<\/div><input type=\"text\" placeholder=\"SUJET (R\u00c9F\u00c9RENCE DE COMMANDE)\" required class=\"uagb-forms-name-input uagb-forms-input\" name=\"3ee2026d\" autocomplete=\"family-name\"\/><\/div>\n\n\n\n<div class=\"wp-block-uagb-forms-email uagb-forms-email-wrap uagb-forms-field-set uagb-block-358030e8\"><div class=\"uagb-forms-email-label  uagb-forms-input-label\" id=\"358030e8\">Email<\/div><input type=\"email\" class=\"uagb-forms-email-input uagb-forms-input\" placeholder=\"EMAIL\" name=\"358030e8\" autocomplete=\"email\"\/><\/div>\n\n\n\n<div class=\"wp-block-uagb-forms-textarea uagb-forms-textarea-wrap uagb-forms-field-set uagb-block-eb89a818\"><div class=\"uagb-forms-textarea-label required uagb-forms-input-label\" id=\"eb89a818\">Message<\/div><textarea required class=\"uagb-forms-textarea-input uagb-forms-input\" rows=\"6\" placeholder=\"MESSAGE\" name=\"eb89a818\" autocomplete=\"off\"><\/textarea><\/div>\n<div class=\"uagb-forms-form-hidden-data\"><input type=\"hidden\" class=\"uagb_forms_form_label\" value=\"Spectra Form\"\/><input type=\"hidden\" class=\"uagb_forms_form_id\" value=\"uagb-form-f172f3f0\"\/><\/div><div class=\"uagb-form-reacaptcha-error-f172f3f0\"><\/div><div class=\"uagb-forms-main-submit-button-wrap wp-block-button\"><button class=\"uagb-forms-main-submit-button wp-block-button__link\"><div class=\"uagb-forms-main-submit-button-text\">SEND MESSAGE<\/div><\/button><\/div><input type=\"hidden\" name=\"trp-form-language\" value=\"fr\"\/><\/form><div class=\"uagb-forms-success-message-f172f3f0 uagb-forms-submit-message-hide\"><span>The form has been submitted successfully!<\/span><\/div><div class=\"uagb-forms-failed-message-f172f3f0 uagb-forms-submit-message-hide\"><span>There has been some error while submitting the form. Please verify all form fields again.<\/span><\/div><\/div>\n<\/div>\n<\/div><\/div>\n\n\n\n<div class=\"wp-block-uagb-container uagb-block-4d46ac68 alignfull uagb-is-root-container\"><div class=\"uagb-container-inner-blocks-wrap\">\n<p class=\"has-text-align-center has-large-font-size\"><strong>Politique de Retour et Garantie L\u00e9gale contre les Vices Cach\u00e9s<\/strong><\/p>\n\n\n\n<h3 class=\"wp-block-heading has-text-align-center\">Nous nous engageons \u00e0 vous offrir une exp\u00e9rience d&#8217;achat satisfaisante tout en respectant la l\u00e9gislation europ\u00e9enne en mati\u00e8re de garantie l\u00e9gale contre les vices cach\u00e9s de fabrication, valable pendant deux ans. Voici les modalit\u00e9s de retour et de remboursement applicables :<\/h3>\n\n\n\n<h4 class=\"wp-block-heading\"><strong>Politique de retour : vos droits et conditions<\/strong><\/h4>\n\n\n\n<p>Nous proposons une politique de retour de 30 jours. Vous disposez ainsi de 30 jours apr\u00e8s la r\u00e9ception de votre article Alarm Kit pour demander un retour.<\/p>\n\n\n\n<p>Pour \u00eatre \u00e9ligible \u00e0 un retour, l&#8217;article doit r\u00e9pondre aux crit\u00e8res suivants :<\/p>\n\n\n\n<ul class=\"wp-block-list\">\n<li>\u00catre dans le m\u00eame \u00e9tat que celui dans lequel vous l&#8217;avez re\u00e7u, non port\u00e9 ou non utilis\u00e9, avec les \u00e9tiquettes intactes.<\/li>\n\n\n\n<li>\u00catre dans son emballage d&#8217;origine.<\/li>\n\n\n\n<li>\u00catre accompagn\u00e9 du justificatif d&#8217;achat (num\u00e9ro de commande ou re\u00e7u).<\/li>\n<\/ul>\n\n\n\n<p>Pour initier une proc\u00e9dure de retour, contactez-nous \u00e0 l\u2019adresse suivante : <strong>hey (@) alarm-kit.com<\/strong>. Si votre retour est accept\u00e9, nous vous fournirons une \u00e9tiquette de retour pr\u00e9pay\u00e9e et des instructions d\u00e9taill\u00e9es sur l&#8217;envoi de votre colis. <strong>Veuillez noter que les articles retourn\u00e9s sans demande pr\u00e9alable de retour ne seront pas accept\u00e9s.<\/strong><\/p>\n\n\n\n<p>Pour toute question concernant un retour, vous pouvez \u00e9galement nous contacter \u00e0 la m\u00eame adresse e-mail.<\/p>\n\n\n\n<h4 class=\"wp-block-heading\"><strong>Articles endommag\u00e9s ou probl\u00e8mes li\u00e9s \u00e0 la commande<\/strong><\/h4>\n\n\n\n<p>Nous vous invitons \u00e0 inspecter votre commande d\u00e8s sa r\u00e9ception. Si l&#8217;article est d\u00e9fectueux, endommag\u00e9 ou si vous avez re\u00e7u un article incorrect, contactez-nous imm\u00e9diatement pour que nous puissions \u00e9valuer le probl\u00e8me et trouver une solution adapt\u00e9e.<\/p>\n\n\n\n<h4 class=\"wp-block-heading\"><strong>Exceptions : articles non retournables<\/strong><\/h4>\n\n\n\n<p>Certains articles ne peuvent pas \u00eatre retourn\u00e9s, notamment :<\/p>\n\n\n\n<ul class=\"wp-block-list\">\n<li>Les cartes SIM (SIM M2M et SIM pour alarmes sans abonnement) qui ont \u00e9t\u00e9 activ\u00e9es et dont la p\u00e9riode initiale de 10 ans est r\u00e9duite.<\/li>\n\n\n\n<li>Les produits personnalis\u00e9s (commandes sp\u00e9ciales, articles sur-mesures enregistr\u00e9s par l\u2019utilisateur, autocollants ou panneaux de s\u00e9curit\u00e9 personnalis\u00e9s).<\/li>\n\n\n\n<li>Les mat\u00e9riaux dangereux, liquides inflammables ou gaz.<\/li>\n<\/ul>\n\n\n\n<p>Si vous avez des questions sp\u00e9cifiques concernant votre article, n\u2019h\u00e9sitez pas \u00e0 nous contacter. <strong>Veuillez \u00e9galement noter que les articles en promotion ou les cartes-cadeaux ne peuvent pas \u00eatre retourn\u00e9s.<\/strong><\/p>\n\n\n\n<h4 class=\"wp-block-heading\"><strong>\u00c9changes<\/strong><\/h4>\n\n\n\n<p>Pour \u00e9changer un article, la m\u00e9thode la plus rapide est de retourner l&#8217;article initial (apr\u00e8s acceptation de votre demande de retour) et de passer une nouvelle commande pour le produit souhait\u00e9.<\/p>\n\n\n\n<h4 class=\"wp-block-heading\"><strong>Remboursements<\/strong><\/h4>\n\n\n\n<p>Une fois votre retour re\u00e7u et inspect\u00e9, nous vous informerons de l\u2019approbation du remboursement. Si le retour est conforme et approuv\u00e9, le remboursement sera effectu\u00e9 automatiquement, sous 48 heures, via votre m\u00e9thode de paiement initiale. Merci de noter que les d\u00e9lais de traitement peuvent varier selon les banques ou les \u00e9metteurs de cartes de cr\u00e9dit.<\/p>\n\n\n\n<h4 class=\"wp-block-heading\"><strong>Garantie l\u00e9gale contre les vices cach\u00e9s<\/strong><\/h4>\n\n\n\n<p>En application de la l\u00e9gislation europ\u00e9enne, nos produits b\u00e9n\u00e9ficient d\u2019une garantie l\u00e9gale de deux ans contre les vices cach\u00e9s de fabrication. Cette garantie couvre tout d\u00e9faut rendant le produit impropre \u00e0 son usage ou diminuant sa valeur de mani\u00e8re significative.<\/p>\n\n\n\n<p>Pour toute question ou demande relative \u00e0 vos droits, notre service client est \u00e0 votre disposition \u00e0 <strong>hey (@) alarm-kit.com<\/strong>.<\/p>\n<\/div><\/div>\n\n\n\n<p><\/p>","protected":false},"excerpt":{"rendered":"<p>Consulter nos Conditions de Retour et de la Garantie L\u00e9gale Une question ? Nous sommes l\u00e0 pour vous aider.\u200b Service Clients Veuillez envoyer votre demande via le formulaire ci-dessous Formulaire + Email Besoin d&#8217;une Alarme Sur-mesure &gt;&gt; Cr\u00e9ez votre Alarme &lt;&lt; Retour et Garantie Consulter nos conditions de retour et de garantie en bas de [&hellip;]<\/p>","protected":false},"author":1,"featured_media":0,"parent":0,"menu_order":0,"comment_status":"closed","ping_status":"closed","template":"","meta":{"om_disable_all_campaigns":false,"_uag_custom_page_level_css":"","_monsterinsights_skip_tracking":false,"_monsterinsights_sitenote_active":false,"_monsterinsights_sitenote_note":"","_monsterinsights_sitenote_category":0,"site-sidebar-layout":"default","site-content-layout":"","ast-site-content-layout":"default","site-content-style":"default","site-sidebar-style":"default","ast-global-header-display":"","ast-banner-title-visibility":"","ast-main-header-display":"","ast-hfb-above-header-display":"","ast-hfb-below-header-display":"","ast-hfb-mobile-header-display":"","site-post-title":"disabled","ast-breadcrumbs-content":"","ast-featured-img":"","footer-sml-layout":"","ast-disable-related-posts":"","theme-transparent-header-meta":"","adv-header-id-meta":"","stick-header-meta":"","header-above-stick-meta":"","header-main-stick-meta":"","header-below-stick-meta":"","astra-migrate-meta-layouts":"set","ast-page-background-enabled":"default","ast-page-background-meta":{"desktop":{"background-color":"","background-image":"","background-repeat":"repeat","background-position":"center center","background-size":"auto","background-attachment":"scroll","background-type":"","background-media":"","overlay-type":"","overlay-color":"","overlay-gradient":""},"tablet":{"background-color":"","background-image":"","background-repeat":"repeat","background-position":"center center","background-size":"auto","background-attachment":"scroll","background-type":"","background-media":"","overlay-type":"","overlay-color":"","overlay-gradient":""},"mobile":{"background-color":"","background-image":"","background-repeat":"repeat","background-position":"center center","background-size":"auto","background-attachment":"scroll","background-type":"","background-media":"","overlay-type":"","overlay-color":"","overlay-gradient":""}},"ast-content-background-meta":{"desktop":{"background-color":"var(--ast-global-color-5)","background-image":"","background-repeat":"repeat","background-position":"center center","background-size":"auto","background-attachment":"scroll","background-type":"","background-media":"","overlay-type":"","overlay-color":"","overlay-gradient":""},"tablet":{"background-color":"var(--ast-global-color-5)","background-image":"","background-repeat":"repeat","background-position":"center center","background-size":"auto","background-attachment":"scroll","background-type":"","background-media":"","overlay-type":"","overlay-color":"","overlay-gradient":""},"mobile":{"background-color":"var(--ast-global-color-5)","background-image":"","background-repeat":"repeat","background-position":"center center","background-size":"auto","background-attachment":"scroll","background-type":"","background-media":"","overlay-type":"","overlay-color":"","overlay-gradient":""}},"footnotes":""},"class_list":["post-3368","page","type-page","status-publish","hentry"],"aioseo_notices":[],"uagb_featured_image_src":{"full":false,"thumbnail":false,"medium":false,"medium_large":false,"large":false,"1536x1536":false,"2048x2048":false,"trp-custom-language-flag":false,"woocommerce_thumbnail":false,"woocommerce_single":false,"woocommerce_gallery_thumbnail":false},"uagb_author_info":{"display_name":"alarm-kit.com","author_link":"https:\/\/alarm-kit.com\/fr\/author\/alarm-kit-com\/"},"uagb_comment_info":0,"uagb_excerpt":"Consulter nos Conditions de Retour et de la Garantie L\u00e9gale Une question ? Nous sommes l\u00e0 pour vous aider.\u200b Service Clients Veuillez envoyer votre demande via le formulaire ci-dessous Formulaire + Email Besoin d&#8217;une Alarme Sur-mesure &gt;&gt; Cr\u00e9ez votre Alarme &lt;&lt; Retour et Garantie Consulter nos conditions de retour et de garantie en bas de&hellip;","jetpack_sharing_enabled":true,"_links":{"self":[{"href":"https:\/\/alarm-kit.com\/fr\/wp-json\/wp\/v2\/pages\/3368","targetHints":{"allow":["GET"]}}],"collection":[{"href":"https:\/\/alarm-kit.com\/fr\/wp-json\/wp\/v2\/pages"}],"about":[{"href":"https:\/\/alarm-kit.com\/fr\/wp-json\/wp\/v2\/types\/page"}],"author":[{"embeddable":true,"href":"https:\/\/alarm-kit.com\/fr\/wp-json\/wp\/v2\/users\/1"}],"replies":[{"embeddable":true,"href":"https:\/\/alarm-kit.com\/fr\/wp-json\/wp\/v2\/comments?post=3368"}],"version-history":[{"count":19,"href":"https:\/\/alarm-kit.com\/fr\/wp-json\/wp\/v2\/pages\/3368\/revisions"}],"predecessor-version":[{"id":3503,"href":"https:\/\/alarm-kit.com\/fr\/wp-json\/wp\/v2\/pages\/3368\/revisions\/3503"}],"wp:attachment":[{"href":"https:\/\/alarm-kit.com\/fr\/wp-json\/wp\/v2\/media?parent=3368"}],"curies":[{"name":"wp","href":"https:\/\/api.w.org\/{rel}","templated":true}]}}